{"id":2814,"date":"2026-04-08T12:06:13","date_gmt":"2026-04-08T12:06:13","guid":{"rendered":"https:\/\/grouplink.wp-punks.de\/?page_id=2814"},"modified":"2026-04-13T11:31:01","modified_gmt":"2026-04-13T11:31:01","slug":"impressum","status":"publish","type":"page","link":"https:\/\/grouplink.wp-punks.de\/index.php\/impressum\/","title":{"rendered":"Impressum"},"content":{"rendered":"\t\t<div data-elementor-type=\"wp-page\" data-elementor-id=\"2814\" class=\"elementor elementor-2814\" data-elementor-post-type=\"page\">\n\t\t\t\t\t\t<div class=\"elementor-section elementor-top-section elementor-element elementor-element-49d88086 elementor-section-stretched animated-slow elementor-section-boxed elementor-section-height-default elementor-section-height-default elementor-invisible\" data-id=\"49d88086\" data-element_type=\"section\" data-e-type=\"section\" data-settings=\"{&quot;stretch_section&quot;:&quot;section-stretched&quot;,&quot;background_background&quot;:&quot;classic&quot;,&quot;animation&quot;:&quot;fadeIn&quot;}\">\n\t\t\t\t\t\t<div class=\"elementor-container elementor-column-gap-default\">\n\t\t\t\t\t<div class=\"elementor-column elementor-col-100 elementor-top-column elementor-element elementor-element-7b0d94e9\" data-id=\"7b0d94e9\" data-element_type=\"column\" data-e-type=\"column\">\n\t\t\t<div class=\"elementor-widget-wrap elementor-element-populated\">\n\t\t\t\t\t\t<div class=\"elementor-element elementor-element-5bc98d46 elementor-widget__width-initial elementor-widget elementor-widget-heading\" data-id=\"5bc98d46\" data-element_type=\"widget\" data-e-type=\"widget\" data-widget_type=\"heading.default\">\n\t\t\t\t\t<h2 class=\"elementor-heading-title elementor-size-default\">Impressum<\/h2>\t\t\t\t<\/div>\n\t\t\t\t<div class=\"elementor-element elementor-element-47a5f5e2 elementor-widget__width-initial elementor-widget elementor-widget-text-editor\" data-id=\"47a5f5e2\" data-element_type=\"widget\" data-e-type=\"widget\" data-widget_type=\"text-editor.default\">\n\t\t\t\t\t\t\t\t\t<div class=\"elementor-element elementor-element-e6a95fa elementor-widget elementor-widget-heading\" data-id=\"e6a95fa\" data-element_type=\"widget\" data-e-type=\"widget\" data-widget_type=\"heading.default\"><div class=\"elementor-widget-container\"><h1 class=\"elementor-heading-title elementor-size-large\"><span style=\"font-size: 25px; text-transform: capitalize; color: #323c4e;\">Adresse<\/span><\/h1><\/div><\/div><div class=\"elementor-element elementor-element-72c74a5 elementor-widget elementor-widget-text-editor\" data-id=\"72c74a5\" data-element_type=\"widget\" data-e-type=\"widget\" data-widget_type=\"text-editor.default\"><div class=\"elementor-widget-container\"><p><span style=\"color: #323c4e;\"><strong><span class=\"ui-provider ed cid bhe cie cif cig cih cii cij cik cil cim cin cio cip ciq cir cis cit ciu civ ciw cix ciy ciz cja cjb cjc cjd cje cjf cjg cjh cji cjj\" dir=\"ltr\">Grouplink Holding GmbH<\/span><\/strong><\/span><br \/><span style=\"color: #323c4e;\">Westbahnhof 11<\/span><br \/><span style=\"color: #323c4e;\">38118 Braunschweig<\/span><\/p><p><span style=\"color: #323c4e;\">Tel.: +49 (0)531 \u2013 23040 \u2013 500<\/span><br \/><span style=\"color: #323c4e;\">E-Mail:\u00a0<a style=\"color: #323c4e;\" href=\"mailto:info@grouplink.de\"><span style=\"display:inline;\" class=\"\">&#105;&#110;fo&#64;&#103;&#114;ou&#112;l&#105;n&#107;.de<\/span><\/a><\/span><\/p><\/div><\/div><div class=\"elementor-element elementor-element-052f969 elementor-widget elementor-widget-heading\" data-id=\"052f969\" data-element_type=\"widget\" data-e-type=\"widget\" data-widget_type=\"heading.default\"><div class=\"elementor-widget-container\"><h3 class=\"elementor-heading-title elementor-size-default\"><span style=\"color: #323c4e;\">Gesch\u00e4ftsf\u00fchrung<\/span><\/h3><\/div><\/div><div class=\"elementor-element elementor-element-5034a34 elementor-widget elementor-widget-text-editor\" data-id=\"5034a34\" data-element_type=\"widget\" data-e-type=\"widget\" data-widget_type=\"text-editor.default\"><div class=\"elementor-widget-container\"><p><span style=\"color: #323c4e;\">Sabri Boughattas<\/span><br \/><span style=\"color: #323c4e;\">Christian Partzsch<\/span><br \/><span style=\"color: #323c4e;\">Matthias Thom<\/span><br \/><span style=\"color: #323c4e;\">Mike Wagner<\/span><\/p><\/div><\/div><div class=\"elementor-element elementor-element-3921e0f elementor-widget elementor-widget-heading\" data-id=\"3921e0f\" data-element_type=\"widget\" data-e-type=\"widget\" data-widget_type=\"heading.default\"><div class=\"elementor-widget-container\"><h3 class=\"elementor-heading-title elementor-size-default\"><span style=\"color: #323c4e;\">Handelsregistereintrag<\/span><\/h3><\/div><\/div><div class=\"elementor-element elementor-element-08f009c elementor-widget elementor-widget-text-editor\" data-id=\"08f009c\" data-element_type=\"widget\" data-e-type=\"widget\" data-widget_type=\"text-editor.default\"><div class=\"elementor-widget-container\"><p><span style=\"color: #323c4e;\">Amtsgericht Braunschweig<\/span><br \/><span style=\"color: #323c4e;\">HRB 209815<\/span><br \/><span style=\"color: #323c4e;\">Umsatzsteuer-Identifikationsnummer gem\u00e4\u00df \u00a7 27 a Umsatzsteuergesetz: DE350716900<\/span><br \/><span style=\"color: #323c4e;\">Inhaltlich Verantwortlicher gem\u00e4\u00df \u00a7 10 Absatz 3 MDStV: Mike Wagner (Anschrift wie oben)<\/span><\/p><\/div><\/div><div class=\"elementor-element elementor-element-6f8dd5d elementor-widget elementor-widget-heading\" data-id=\"6f8dd5d\" data-element_type=\"widget\" data-e-type=\"widget\" data-widget_type=\"heading.default\"><div class=\"elementor-widget-container\"><h3 class=\"elementor-heading-title elementor-size-default\"><span style=\"color: #323c4e;\">Haftungsausschluss<\/span><\/h3><\/div><\/div><div class=\"elementor-element elementor-element-7bde5f2 elementor-widget elementor-widget-text-editor\" data-id=\"7bde5f2\" data-element_type=\"widget\" data-e-type=\"widget\" data-widget_type=\"text-editor.default\"><div class=\"elementor-widget-container\"><p><span style=\"color: #323c4e;\"><strong>1. Inhalt des Onlineangebotes<\/strong><\/span><\/p><p><span style=\"color: #323c4e;\">Der Autor \u00fcbernimmt keinerlei Gew\u00e4hr f\u00fcr die Aktualit\u00e4t, Korrektheit, Vollst\u00e4ndigkeit oder Qualit\u00e4t der bereitgestellten Informationen. Haftungsanspr\u00fcche gegen den Autor, welche sich auf Sch\u00e4den materieller oder ideeller Art beziehen, die durch die Nutzung oder Nichtnutzung der dargebotenen Informationen bzw. durch die Nutzung fehlerhafter und unvollst\u00e4ndiger Informationen verursacht wurden, sind grunds\u00e4tzlich ausgeschlossen, sofern seitens des Autors kein nachweislich vors\u00e4tzliches oder grob fahrl\u00e4ssiges Verschulden vorliegt.<\/span><\/p><p><span style=\"color: #323c4e;\">Alle Angebote sind freibleibend und unverbindlich. Der Autor beh\u00e4lt es sich ausdr\u00fccklich vor, Teile der Seiten oder das gesamte Angebot ohne gesonderte Ank\u00fcndigung zu ver\u00e4ndern, zu erg\u00e4nzen, zu l\u00f6schen oder die Ver\u00f6ffentlichung zeitweise oder endg\u00fcltig einzustellen.<\/span><\/p><p><span style=\"color: #323c4e;\"><strong>2. Verweise und Links<\/strong><\/span><\/p><p><span style=\"color: #323c4e;\">Bei direkten oder indirekten Verweisen auf fremde Webseiten (\u201cHyperlinks\u201d), die au\u00dferhalb des Verantwortungsbereiches des Autors liegen, w\u00fcrde eine Haftungsverpflichtung ausschlie\u00dflich in dem Fall in Kraft treten, in dem der Autor von den Inhalten Kenntnis hat und es ihm technisch m\u00f6glich und zumutbar w\u00e4re, die Nutzung im Falle rechtswidriger Inhalte zu verhindern.<\/span><\/p><p><span style=\"color: #323c4e;\">Der Autor erkl\u00e4rt hiermit ausdr\u00fccklich, dass zum Zeitpunkt der Linksetzung keine illegalen Inhalte auf den zu verlinkenden Seiten erkennbar waren. Auf die aktuelle und zuk\u00fcnftige Gestaltung, die Inhalte oder die Urheberschaft der verlinkten\/verkn\u00fcpften Seiten hat der Autor keinerlei Einfluss. Deshalb distanziert er sich hiermit ausdr\u00fccklich von allen Inhalten aller verlinkten \/verkn\u00fcpften Seiten, die nach der Linksetzung ver\u00e4ndert wurden. Diese Feststellung gilt f\u00fcr alle innerhalb des eigenen Internetangebotes gesetzten Links und Verweise sowie f\u00fcr Fremdeintr\u00e4ge in vom Autor eingerichteten G\u00e4steb\u00fcchern, Diskussionsforen, Linkverzeichnissen, Mailinglisten und in allen anderen Formen von Datenbanken, auf deren Inhalt externe Schreibzugriffe m\u00f6glich sind. F\u00fcr illegale, fehlerhafte oder unvollst\u00e4ndige Inhalte und insbesondere f\u00fcr Sch\u00e4den, die aus der Nutzung oder Nichtnutzung solcherart dargebotener Informationen entstehen, haftet allein der Anbieter der Seite, auf welche verwiesen wurde, nicht derjenige, der \u00fcber Links auf die jeweilige Ver\u00f6ffentlichung lediglich verweist.<\/span><\/p><p><span style=\"color: #323c4e;\"><strong>3. Urheber- und Kennzeichenrecht<\/strong><\/span><\/p><p><span style=\"color: #323c4e;\">Der Autor ist bestrebt, in allen Publikationen die Urheberrechte der verwendeten Bilder, Grafiken, Tondokumente, Videosequenzen und Texte zu beachten, von ihm selbst erstellte Bilder, Grafiken, Tondokumente, Videosequenzen und Texte zu nutzen oder auf lizenzfreie Grafiken, Tondokumente, Videosequenzen und Texte zur\u00fcckzugreifen.<\/span><\/p><p><span style=\"color: #323c4e;\">Alle innerhalb des Internetangebotes genannten und ggf. durch Dritte gesch\u00fctzten Marken- und Warenzeichen unterliegen uneingeschr\u00e4nkt den Bestimmungen des jeweils g\u00fcltigen Kennzeichenrechts und den Besitzrechten der jeweiligen eingetragenen Eigent\u00fcmer. Allein aufgrund der blo\u00dfen Nennung ist nicht der Schluss zu ziehen, dass Markenzeichen nicht durch Rechte Dritter gesch\u00fctzt sind!<\/span><\/p><p><span style=\"color: #323c4e;\">Das Copyright f\u00fcr ver\u00f6ffentlichte, vom Autor selbst erstellte Objekte bleibt allein beim Autor der Seiten. Eine Vervielf\u00e4ltigung oder Verwendung solcher Grafiken, Tondokumente, Videosequenzen und Texte in anderen elektronischen oder gedruckten Publikationen ist ohne ausdr\u00fcckliche Zustimmung des Autors nicht gestattet.<\/span><\/p><p><span style=\"color: #323c4e;\"><strong>4. Datenschutz<\/strong><\/span><\/p><p><span style=\"color: #323c4e;\">Sofern innerhalb des Internetangebotes die M\u00f6glichkeit zur Eingabe pers\u00f6nlicher oder gesch\u00e4ftlicher Daten (E-Mail-Adressen, Namen, Anschriften) besteht, so erfolgt die Preisgabe dieser Daten seitens des Nutzers auf ausdr\u00fccklich freiwilliger Basis. Die Nutzung der im Rahmen des Impressums oder vergleichbarer Angaben ver\u00f6ffentlichten Kontaktdaten wie Postanschriften, Telefon- und Faxnummern sowie E-Mail-Adressen durch Dritte zur \u00dcbersendung von nicht ausdr\u00fccklich angeforderten Informationen ist nicht gestattet. Rechtliche Schritte gegen die Versender von sogenannten Spam-Mails bei Verst\u00f6\u00dfen gegen dieses Verbot sind ausdr\u00fccklich vorbehalten.<\/span><\/p><p><span style=\"color: #323c4e;\"><strong>5. Rechtswirksamkeit dieses Haftungsausschlusses<\/strong><\/span><\/p><p><span style=\"color: #323c4e;\">Dieser Haftungsausschluss ist als Teil des Internetangebotes zu betrachten, von dem aus auf diese Seite verwiesen wurde. Sofern Teile oder einzelne Formulierungen dieses Textes der geltenden Rechtslage nicht, nicht mehr oder nicht vollst\u00e4ndig entsprechen sollten, bleiben die \u00fcbrigen Teile des Dokumentes in ihrem Inhalt und ihrer G\u00fcltigkeit davon unber\u00fchrt.<\/span><\/p><p><span style=\"color: #323c4e;\"><strong>6. Bildnachweise<\/strong><\/span><\/p><p><span style=\"color: #323c4e;\">Auf den Seiten der Grouplink Holding GmbH werden Bilder verwendet von der Grouplink Holding GmbH, Grouplink IT Solutions GmbH, ASPICON GmbH, apia systemhaus gmbh, Patrimonium Asset Management AG, Wille Finance AG, Fotolia.com, photocase.com, Shutterstock.com, unsplash.com, pexels.com und pixabay.com.<\/span><\/p><\/div><\/div>\t\t\t\t\t\t\t\t<\/div>\n\t\t\t\t\t<\/div>\n\t\t<\/div>\n\t\t\t\t\t<\/div>\n\t\t<\/div>\n\t\t\t\t<\/div>\n\t\t","protected":false},"excerpt":{"rendered":"<p>Impressum Adresse Grouplink Holding GmbHWestbahnhof 1138118 Braunschweig Tel.: +49 (0)531 \u2013 23040 \u2013 500E-Mail:\u00a0i&#110;&#102;o&#64;gro&#117;&#112;link&#46;d&#101; Gesch\u00e4ftsf\u00fchrung Sabri BoughattasChristian PartzschMatthias ThomMike Wagner Handelsregistereintrag Amtsgericht BraunschweigHRB 209815Umsatzsteuer-Identifikationsnummer gem\u00e4\u00df \u00a7 27 a Umsatzsteuergesetz: DE350716900Inhaltlich Verantwortlicher gem\u00e4\u00df \u00a7 10 Absatz 3 MDStV: Mike Wagner (Anschrift wie oben) Haftungsausschluss 1. Inhalt des Onlineangebotes Der Autor \u00fcbernimmt keinerlei Gew\u00e4hr f\u00fcr die Aktualit\u00e4t,&#8230;<\/p>\n","protected":false},"author":2,"featured_media":0,"parent":0,"menu_order":0,"comment_status":"closed","ping_status":"closed","template":"","meta":{"_seopress_robots_primary_cat":"","_seopress_titles_title":"","_seopress_titles_desc":"","_seopress_robots_index":"","_loi_post_transparent":"","_loi_post_title":"hide","_loi_post_layout":"default","_loi_post_sidebar_id":"","_loi_post_content_style":"unboxed","_loi_post_vertical_padding":"hide","_loi_post_feature":"hide","_loi_post_feature_position":"","_loi_post_header":false,"_loi_post_footer":false,"iawp_total_views":1,"footnotes":""},"class_list":["post-2814","page","type-page","status-publish","hentry"],"_links":{"self":[{"href":"https:\/\/grouplink.wp-punks.de\/index.php\/wp-json\/wp\/v2\/pages\/2814","targetHints":{"allow":["GET"]}}],"collection":[{"href":"https:\/\/grouplink.wp-punks.de\/index.php\/wp-json\/wp\/v2\/pages"}],"about":[{"href":"https:\/\/grouplink.wp-punks.de\/index.php\/wp-json\/wp\/v2\/types\/page"}],"author":[{"embeddable":true,"href":"https:\/\/grouplink.wp-punks.de\/index.php\/wp-json\/wp\/v2\/users\/2"}],"replies":[{"embeddable":true,"href":"https:\/\/grouplink.wp-punks.de\/index.php\/wp-json\/wp\/v2\/comments?post=2814"}],"version-history":[{"count":10,"href":"https:\/\/grouplink.wp-punks.de\/index.php\/wp-json\/wp\/v2\/pages\/2814\/revisions"}],"predecessor-version":[{"id":3067,"href":"https:\/\/grouplink.wp-punks.de\/index.php\/wp-json\/wp\/v2\/pages\/2814\/revisions\/3067"}],"wp:attachment":[{"href":"https:\/\/grouplink.wp-punks.de\/index.php\/wp-json\/wp\/v2\/media?parent=2814"}],"curies":[{"name":"wp","href":"https:\/\/api.w.org\/{rel}","templated":true}]}}