{"id":2861,"date":"2026-04-09T09:22:45","date_gmt":"2026-04-09T09:22:45","guid":{"rendered":"https:\/\/grouplink.wp-punks.de\/?page_id=2861"},"modified":"2026-04-13T11:35:29","modified_gmt":"2026-04-13T11:35:29","slug":"blog","status":"publish","type":"page","link":"https:\/\/grouplink.wp-punks.de\/index.php\/blog\/","title":{"rendered":"Blog"},"content":{"rendered":"\t\t<div data-elementor-type=\"wp-page\" data-elementor-id=\"2861\" class=\"elementor elementor-2861\" data-elementor-post-type=\"page\">\n\t\t\t\t\t\t<div class=\"elementor-section elementor-top-section elementor-element elementor-element-49d88086 elementor-section-stretched animated-slow elementor-section-boxed elementor-section-height-default elementor-section-height-default elementor-invisible\" data-id=\"49d88086\" data-element_type=\"section\" data-e-type=\"section\" data-settings=\"{&quot;stretch_section&quot;:&quot;section-stretched&quot;,&quot;background_background&quot;:&quot;classic&quot;,&quot;animation&quot;:&quot;fadeIn&quot;}\">\n\t\t\t\t\t\t<div class=\"elementor-container elementor-column-gap-default\">\n\t\t\t\t\t<div class=\"elementor-column elementor-col-100 elementor-top-column elementor-element elementor-element-7b0d94e9\" data-id=\"7b0d94e9\" data-element_type=\"column\" data-e-type=\"column\">\n\t\t\t<div class=\"elementor-widget-wrap elementor-element-populated\">\n\t\t\t\t\t\t<div class=\"elementor-element elementor-element-5bc98d46 elementor-widget__width-initial elementor-widget elementor-widget-heading\" data-id=\"5bc98d46\" data-element_type=\"widget\" data-e-type=\"widget\" data-widget_type=\"heading.default\">\n\t\t\t\t\t<h2 class=\"elementor-heading-title elementor-size-default\">Grouplink Insights<\/h2>\t\t\t\t<\/div>\n\t\t\t\t<div class=\"elementor-element elementor-element-47a5f5e2 elementor-widget__width-initial elementor-widget elementor-widget-text-editor\" data-id=\"47a5f5e2\" data-element_type=\"widget\" data-e-type=\"widget\" data-widget_type=\"text-editor.default\">\n\t\t\t\t\t\t\t\t\t<p data-start=\"281\" data-end=\"401\"><span style=\"color: #ffffff;\">Willkommen auf dem Grouplink Blog! Hier teilen wir spannende Einblicke in die Welt der IT-L\u00f6sungen, Digitalisierung und innovativen Technologien. Lassen Sie sich inspirieren und entdecken Sie, wie wir Unternehmen dabei unterst\u00fctzen, Prozesse zu optimieren und effizienter zu arbeiten. Viel Spa\u00df beim Lesen!<\/span><\/p>\t\t\t\t\t\t\t\t<\/div>\n\t\t\t\t\t<\/div>\n\t\t<\/div>\n\t\t\t\t\t<\/div>\n\t\t<\/div>\n\t\t\t\t<div class=\"elementor-section elementor-top-section elementor-element elementor-element-99b29cd elementor-section-stretched animated-slow elementor-section-boxed elementor-section-height-default elementor-section-height-default elementor-invisible\" data-id=\"99b29cd\" data-element_type=\"section\" data-e-type=\"section\" data-settings=\"{&quot;stretch_section&quot;:&quot;section-stretched&quot;,&quot;background_background&quot;:&quot;classic&quot;,&quot;animation&quot;:&quot;fadeIn&quot;}\">\n\t\t\t\t\t\t<div class=\"elementor-container elementor-column-gap-default\">\n\t\t\t\t\t<div class=\"elementor-column elementor-col-100 elementor-top-column elementor-element elementor-element-4da6a058\" data-id=\"4da6a058\" data-element_type=\"column\" data-e-type=\"column\">\n\t\t\t<div class=\"elementor-widget-wrap elementor-element-populated\">\n\t\t\t\t\t\t<div class=\"elementor-element elementor-element-495ffa5 elementor-grid-2 elementor-grid-tablet-2 elementor-grid-mobile-1 elementor-posts--thumbnail-top elementor-card-shadow-yes elementor-posts__hover-gradient elementor-widget elementor-widget-posts\" data-id=\"495ffa5\" data-element_type=\"widget\" data-e-type=\"widget\" data-settings=\"{&quot;cards_columns&quot;:&quot;2&quot;,&quot;cards_columns_tablet&quot;:&quot;2&quot;,&quot;cards_columns_mobile&quot;:&quot;1&quot;,&quot;cards_row_gap&quot;:{&quot;unit&quot;:&quot;px&quot;,&quot;size&quot;:35,&quot;sizes&quot;:[]},&quot;cards_row_gap_tablet&quot;:{&quot;unit&quot;:&quot;px&quot;,&quot;size&quot;:&quot;&quot;,&quot;sizes&quot;:[]},&quot;cards_row_gap_mobile&quot;:{&quot;unit&quot;:&quot;px&quot;,&quot;size&quot;:&quot;&quot;,&quot;sizes&quot;:[]}}\" data-widget_type=\"posts.cards\">\n\t\t\t\t<div class=\"elementor-widget-container\">\n\t\t\t\t\t\t\t<div class=\"elementor-posts-container elementor-posts elementor-posts--skin-cards elementor-grid\" role=\"list\">\n\t\t\t\t<article class=\"elementor-post elementor-grid-item post-3084 post type-post status-publish format-standard has-post-thumbnail hentry category-uncategorized\" role=\"listitem\">\n\t\t\t<div class=\"elementor-post__card\">\n\t\t\t\t<a class=\"elementor-post__thumbnail__link\" href=\"https:\/\/grouplink.wp-punks.de\/index.php\/2026\/04\/13\/captains-corner-wie-gruppenidentitaet-entsteht-und-warum-kommunikation-bei-grouplink-mehr-ist-als-content\/\" tabindex=\"-1\" ><div class=\"elementor-post__thumbnail\"><img alt=\"\" fetchpriority=\"high\" decoding=\"async\" width=\"300\" height=\"200\" src=\"https:\/\/grouplink.wp-punks.de\/wp-content\/uploads\/2026\/04\/i-STG-Captains-Corner-HoCC-030326-LM-300x200.jpg\" class=\"attachment-medium size-medium wp-image-3087\" alt=\"\" srcset=\"https:\/\/grouplink.wp-punks.de\/wp-content\/uploads\/2026\/04\/i-STG-Captains-Corner-HoCC-030326-LM-300x200.jpg 300w, https:\/\/grouplink.wp-punks.de\/wp-content\/uploads\/2026\/04\/i-STG-Captains-Corner-HoCC-030326-LM-1024x683.jpg 1024w, https:\/\/grouplink.wp-punks.de\/wp-content\/uploads\/2026\/04\/i-STG-Captains-Corner-HoCC-030326-LM-768x512.jpg 768w, https:\/\/grouplink.wp-punks.de\/wp-content\/uploads\/2026\/04\/i-STG-Captains-Corner-HoCC-030326-LM.jpg 1536w\" sizes=\"(max-width: 300px) 100vw, 300px\" \/><\/div><\/a>\n\t\t\t\t<div class=\"elementor-post__text\">\n\t\t\t\t<h3 class=\"elementor-post__title\">\n\t\t\t<a href=\"https:\/\/grouplink.wp-punks.de\/index.php\/2026\/04\/13\/captains-corner-wie-gruppenidentitaet-entsteht-und-warum-kommunikation-bei-grouplink-mehr-ist-als-content\/\" >\n\t\t\t\tCaptains Corner &#8211; Wie Gruppenidentit\u00e4t entsteht und warum Kommunikation bei Grouplink mehr ist als Content\t\t\t<\/a>\n\t\t<\/h3>\n\t\t\t\t<div class=\"elementor-post__excerpt\">\n\t\t\t<p>Grouplink w\u00e4chst als Unternehmensverbund mit vielen Standorten, unterschiedlichen Firmenkulturen und regionalen Strukturen. In unserer Captains\t\t<\/div>\n\t\t\n\t\t<a class=\"elementor-post__read-more\" href=\"https:\/\/grouplink.wp-punks.de\/index.php\/2026\/04\/13\/captains-corner-wie-gruppenidentitaet-entsteht-und-warum-kommunikation-bei-grouplink-mehr-ist-als-content\/\" aria-label=\"Mehr \u00fcber Captains Corner &#8211; Wie Gruppenidentit\u00e4t entsteht und warum Kommunikation bei Grouplink mehr ist als Content\" tabindex=\"-1\" >\n\t\t\tJetzt Weiterlesen\t\t<\/a>\n\n\t\t\t\t<\/div>\n\t\t\t\t\t<\/div>\n\t\t<\/article>\n\t\t\t\t<article class=\"elementor-post elementor-grid-item post-3094 post type-post status-publish format-standard has-post-thumbnail hentry category-uncategorized\" role=\"listitem\">\n\t\t\t<div class=\"elementor-post__card\">\n\t\t\t\t<a class=\"elementor-post__thumbnail__link\" href=\"https:\/\/grouplink.wp-punks.de\/index.php\/2026\/01\/05\/modern-workplace-cloud-infrastrukturen-und-it-sicherheit-als-schluessel-fuer-die-arbeitswelt-der-zukunft\/\" tabindex=\"-1\" ><div class=\"elementor-post__thumbnail\"><img decoding=\"async\" width=\"300\" height=\"201\" src=\"https:\/\/grouplink.wp-punks.de\/wp-content\/uploads\/2026\/04\/grouplink_blog_modern_workplace-300x201.png\" class=\"attachment-medium size-medium wp-image-3097\" alt=\"Person nutzt Smartphone und Laptop f\u00fcr Cloud- und IT-Sicherheitsl\u00f6sungen.\" srcset=\"https:\/\/grouplink.wp-punks.de\/wp-content\/uploads\/2026\/04\/grouplink_blog_modern_workplace-300x201.png 300w, https:\/\/grouplink.wp-punks.de\/wp-content\/uploads\/2026\/04\/grouplink_blog_modern_workplace-1024x685.png 1024w, https:\/\/grouplink.wp-punks.de\/wp-content\/uploads\/2026\/04\/grouplink_blog_modern_workplace-768x514.png 768w, https:\/\/grouplink.wp-punks.de\/wp-content\/uploads\/2026\/04\/grouplink_blog_modern_workplace.png 1211w\" sizes=\"(max-width: 300px) 100vw, 300px\" \/><\/div><\/a>\n\t\t\t\t<div class=\"elementor-post__text\">\n\t\t\t\t<h3 class=\"elementor-post__title\">\n\t\t\t<a href=\"https:\/\/grouplink.wp-punks.de\/index.php\/2026\/01\/05\/modern-workplace-cloud-infrastrukturen-und-it-sicherheit-als-schluessel-fuer-die-arbeitswelt-der-zukunft\/\" >\n\t\t\t\tModern Workplace: Cloud-Infrastrukturen und IT-Sicherheit als Schl\u00fcssel f\u00fcr die Arbeitswelt der Zukunft\t\t\t<\/a>\n\t\t<\/h3>\n\t\t\t\t<div class=\"elementor-post__excerpt\">\n\t\t\t<p>Grouplink w\u00e4chst als Unternehmensverbund mit vielen Standorten, unterschiedlichen Firmenkulturen und regionalen Strukturen. In unserer Captains\t\t<\/div>\n\t\t\n\t\t<a class=\"elementor-post__read-more\" href=\"https:\/\/grouplink.wp-punks.de\/index.php\/2026\/01\/05\/modern-workplace-cloud-infrastrukturen-und-it-sicherheit-als-schluessel-fuer-die-arbeitswelt-der-zukunft\/\" aria-label=\"Mehr \u00fcber Modern Workplace: Cloud-Infrastrukturen und IT-Sicherheit als Schl\u00fcssel f\u00fcr die Arbeitswelt der Zukunft\" tabindex=\"-1\" >\n\t\t\tJetzt Weiterlesen\t\t<\/a>\n\n\t\t\t\t<\/div>\n\t\t\t\t\t<\/div>\n\t\t<\/article>\n\t\t\t\t<\/div>\n\t\t\n\t\t\t\t\t\t<\/div>\n\t\t\t\t<\/div>\n\t\t\t\t\t<\/div>\n\t\t<\/div>\n\t\t\t\t\t<\/div>\n\t\t<\/div>\n\t\t\t\t<\/div>\n\t\t","protected":false},"excerpt":{"rendered":"<p>Grouplink Insights Willkommen auf dem Grouplink Blog! Hier teilen wir spannende&#8230;<\/p>\n","protected":false},"author":2,"featured_media":0,"parent":0,"menu_order":0,"comment_status":"closed","ping_status":"closed","template":"","meta":{"_seopress_robots_primary_cat":"","_seopress_titles_title":"","_seopress_titles_desc":"","_seopress_robots_index":"","_loi_post_transparent":"","_loi_post_title":"hide","_loi_post_layout":"default","_loi_post_sidebar_id":"","_loi_post_content_style":"unboxed","_loi_post_vertical_padding":"hide","_loi_post_feature":"hide","_loi_post_feature_position":"","_loi_post_header":false,"_loi_post_footer":false,"iawp_total_views":1,"footnotes":""},"class_list":["post-2861","page","type-page","status-publish","hentry"],"_links":{"self":[{"href":"https:\/\/grouplink.wp-punks.de\/index.php\/wp-json\/wp\/v2\/pages\/2861","targetHints":{"allow":["GET"]}}],"collection":[{"href":"https:\/\/grouplink.wp-punks.de\/index.php\/wp-json\/wp\/v2\/pages"}],"about":[{"href":"https:\/\/grouplink.wp-punks.de\/index.php\/wp-json\/wp\/v2\/types\/page"}],"author":[{"embeddable":true,"href":"https:\/\/grouplink.wp-punks.de\/index.php\/wp-json\/wp\/v2\/users\/2"}],"replies":[{"embeddable":true,"href":"https:\/\/grouplink.wp-punks.de\/index.php\/wp-json\/wp\/v2\/comments?post=2861"}],"version-history":[{"count":10,"href":"https:\/\/grouplink.wp-punks.de\/index.php\/wp-json\/wp\/v2\/pages\/2861\/revisions"}],"predecessor-version":[{"id":3076,"href":"https:\/\/grouplink.wp-punks.de\/index.php\/wp-json\/wp\/v2\/pages\/2861\/revisions\/3076"}],"wp:attachment":[{"href":"https:\/\/grouplink.wp-punks.de\/index.php\/wp-json\/wp\/v2\/media?parent=2861"}],"curies":[{"name":"wp","href":"https:\/\/api.w.org\/{rel}","templated":true}]}}